{"id":56,"date":"2024-02-11T18:05:52","date_gmt":"2024-02-11T17:05:52","guid":{"rendered":"https:\/\/www.eisenbahnlandschaft-niederrhein.de\/?page_id=56"},"modified":"2024-02-13T15:18:38","modified_gmt":"2024-02-13T14:18:38","slug":"strecke-498-duisburg-moers-xanten-kleve","status":"publish","type":"page","link":"https:\/\/www.eisenbahnlandschaft-niederrhein.de\/index.php\/strecke-498-duisburg-moers-xanten-kleve\/","title":{"rendered":"Strecke Duisburg &#8211; Moers &#8211; Xanten (- Kleve)"},"content":{"rendered":"\n<p>Die Strecke wird auf dem Abschnitt Duisburg &#8211; Xanten noch im \u00d6PNV bedient. Der Abschnitt von Xanten nach Kleve wurde Ende 1989 stillgelegt und anschlie\u00dfend abgebaut. Auf dessen urspr\u00fcnglicher Trasse befindet sich heute ein Radweg.<\/p>\n\n\n\n<figure class=\"wp-block-table is-style-regular\"><table><tbody><tr><td>Streckennummer<\/td><td>498<\/td><\/tr><tr><td>Streckennummer (VzG)<\/td><td>2330<\/td><\/tr><tr><td>Er\u00f6ffnung<\/td><td>April 1904 (Duisburg &#8211; Moers)<br>August 1904 (Moers &#8211; Kleve)<\/td><\/tr><tr><td>Status<\/td><td>In Betrieb (Duisburg &#8211; Xanten)<br>Stillgelegt \/ Abgebaut (Xanten &#8211; Kleve)<\/td><\/tr><tr><td>L\u00e4nge<\/td><td>xx km (Duisburg &#8211; Kleve), aktuell xx km (Duisburg &#8211; Xanten)<\/td><\/tr><tr><td>\u00d6PNV aktuell<\/td><td>RB 31 (Duisburg &#8211; Moers &#8211; Xanten)<br>RE 44 (Moers &#8211; Bottrop)<\/td><\/tr><tr><td>Bahnh\u00f6fe \/ Stationen<\/td><td>Duisburg Hauptbahnhof &#8211; Rheinhausen &#8211; Rumeln &#8211; Trompet &#8211; Moers &#8211; Rheinberg &#8211; Millingen &#8211; Alpen &#8211; Xanten<\/td><\/tr><tr><td>G\u00fcterverkehr aktuell<\/td><td>Bis Millingen Gbf, Millingen &#8211; Xanten kein planm\u00e4\u00dfiger GV<\/td><\/tr><tr><td>Struktur<\/td><td>Duisburg &#8211; Moers-Rheinkamp zweigleisig, ab Moers-Rheinkamp bis Xanten eingleisig<\/td><\/tr><tr><td>Elektrifizierung<\/td><td>Duisburg &#8211; Millingen elektrifiziert, Millingen &#8211; Xanten nicht elektrifiziert<\/td><\/tr><\/tbody><\/table><\/figure>\n\n\n\n<figure class=\"wp-block-image size-large\"><img fetchpriority=\"high\" decoding=\"async\" width=\"1024\" height=\"683\" src=\"https:\/\/www.eisenbahnlandschaft-niederrhein.de\/wp-content\/uploads\/2024\/02\/1200x800-NWB-VT-438-Millingen-2022-10-19-1024x683.jpg\" alt=\"\" class=\"wp-image-172\" srcset=\"https:\/\/www.eisenbahnlandschaft-niederrhein.de\/wp-content\/uploads\/2024\/02\/1200x800-NWB-VT-438-Millingen-2022-10-19-1024x683.jpg 1024w, https:\/\/www.eisenbahnlandschaft-niederrhein.de\/wp-content\/uploads\/2024\/02\/1200x800-NWB-VT-438-Millingen-2022-10-19-300x200.jpg 300w, https:\/\/www.eisenbahnlandschaft-niederrhein.de\/wp-content\/uploads\/2024\/02\/1200x800-NWB-VT-438-Millingen-2022-10-19-768x512.jpg 768w, https:\/\/www.eisenbahnlandschaft-niederrhein.de\/wp-content\/uploads\/2024\/02\/1200x800-NWB-VT-438-Millingen-2022-10-19.jpg 1200w\" sizes=\"(max-width: 1024px) 100vw, 1024px\" \/><\/figure>\n\n\n\n<p><em>Der Abschnitt von Millingen bis Xanten ist nicht elektrifiziert und verf\u00fcgt im Bereich Millingen noch \u00fcber alte Signaltechnik. Am 19.10.2022 machen sich VT 438 und VT 446 der NWB mit RB 61976 auf den Weg zum Endbahnhof Xanten.<\/em><\/p>\n\n\n\n<figure class=\"wp-block-image size-large\"><img decoding=\"async\" width=\"1024\" height=\"683\" src=\"https:\/\/www.eisenbahnlandschaft-niederrhein.de\/wp-content\/uploads\/2024\/02\/1500x1000-648-435-2023-09-06-1024x683.jpg\" alt=\"\" class=\"wp-image-180\" srcset=\"https:\/\/www.eisenbahnlandschaft-niederrhein.de\/wp-content\/uploads\/2024\/02\/1500x1000-648-435-2023-09-06-1024x683.jpg 1024w, https:\/\/www.eisenbahnlandschaft-niederrhein.de\/wp-content\/uploads\/2024\/02\/1500x1000-648-435-2023-09-06-300x200.jpg 300w, https:\/\/www.eisenbahnlandschaft-niederrhein.de\/wp-content\/uploads\/2024\/02\/1500x1000-648-435-2023-09-06-768x512.jpg 768w, https:\/\/www.eisenbahnlandschaft-niederrhein.de\/wp-content\/uploads\/2024\/02\/1500x1000-648-435-2023-09-06.jpg 1500w\" sizes=\"(max-width: 1024px) 100vw, 1024px\" \/><\/figure>\n\n\n\n<p><em>Auch im Bereich Rheinkamp wird der Zugbetrieb noch mit Formsignalen gesteuert. Am Morgen des 06.09.2023 rollt der VT 648 435 der nunmehr als &#8222;Rhein-Ruhr-Bahn&#8220; verkehrenden Transdev (ehemals NWB) am Einfahrtvorsignal des Bahnhofs Rheinkamp vorbei, welches noch &#8222;Halt erwarten&#8220; signalisiert.<\/em><\/p>\n\n\n\n<figure class=\"wp-block-image size-large\"><img decoding=\"async\" width=\"1024\" height=\"683\" src=\"https:\/\/www.eisenbahnlandschaft-niederrhein.de\/wp-content\/uploads\/2024\/02\/1500x1000-140-370-58912-1024x683.jpg\" alt=\"\" class=\"wp-image-187\" srcset=\"https:\/\/www.eisenbahnlandschaft-niederrhein.de\/wp-content\/uploads\/2024\/02\/1500x1000-140-370-58912-1024x683.jpg 1024w, https:\/\/www.eisenbahnlandschaft-niederrhein.de\/wp-content\/uploads\/2024\/02\/1500x1000-140-370-58912-300x200.jpg 300w, https:\/\/www.eisenbahnlandschaft-niederrhein.de\/wp-content\/uploads\/2024\/02\/1500x1000-140-370-58912-768x512.jpg 768w, https:\/\/www.eisenbahnlandschaft-niederrhein.de\/wp-content\/uploads\/2024\/02\/1500x1000-140-370-58912.jpg 1500w\" sizes=\"(max-width: 1024px) 100vw, 1024px\" \/><\/figure>\n\n\n\n<p><em>Der Moerser Bahnhof wird sehr oft von G\u00fcterz\u00fcgen durchfahren, von denen die meisten am Abzweig Meerbeck jedoch nach Osten abbiegen und \u00fcber die Haus-Knipp-Br\u00fccke weiter Richtung Beeckerwerth und Oberhausen fahren. Am Abend des 17.08.2001 war 140 370-8 mit einem gemischten G\u00fcterzug in diese Richtung unterwegs.<\/em><\/p>\n","protected":false},"excerpt":{"rendered":"<p>Die Strecke wird auf dem Abschnitt Duisburg &#8211; Xanten noch im \u00d6PNV bedient. Der Abschnitt von Xanten nach Kleve wurde Ende 1989 stillgelegt und anschlie\u00dfend abgebaut. Auf dessen urspr\u00fcnglicher Trasse befindet sich heute ein Radweg. Streckennummer 498 Streckennummer (VzG) 2330 Er\u00f6ffnung April 1904 (Duisburg &#8211; Moers)August 1904 (Moers &#8211; Kleve) Status In Betrieb (Duisburg &#8211; [&hellip;]<\/p>\n","protected":false},"author":1,"featured_media":0,"parent":0,"menu_order":0,"comment_status":"closed","ping_status":"closed","template":"","meta":{"footnotes":""},"class_list":["post-56","page","type-page","status-publish","hentry"],"_links":{"self":[{"href":"https:\/\/www.eisenbahnlandschaft-niederrhein.de\/index.php\/wp-json\/wp\/v2\/pages\/56","targetHints":{"allow":["GET"]}}],"collection":[{"href":"https:\/\/www.eisenbahnlandschaft-niederrhein.de\/index.php\/wp-json\/wp\/v2\/pages"}],"about":[{"href":"https:\/\/www.eisenbahnlandschaft-niederrhein.de\/index.php\/wp-json\/wp\/v2\/types\/page"}],"author":[{"embeddable":true,"href":"https:\/\/www.eisenbahnlandschaft-niederrhein.de\/index.php\/wp-json\/wp\/v2\/users\/1"}],"replies":[{"embeddable":true,"href":"https:\/\/www.eisenbahnlandschaft-niederrhein.de\/index.php\/wp-json\/wp\/v2\/comments?post=56"}],"version-history":[{"count":10,"href":"https:\/\/www.eisenbahnlandschaft-niederrhein.de\/index.php\/wp-json\/wp\/v2\/pages\/56\/revisions"}],"predecessor-version":[{"id":234,"href":"https:\/\/www.eisenbahnlandschaft-niederrhein.de\/index.php\/wp-json\/wp\/v2\/pages\/56\/revisions\/234"}],"wp:attachment":[{"href":"https:\/\/www.eisenbahnlandschaft-niederrhein.de\/index.php\/wp-json\/wp\/v2\/media?parent=56"}],"curies":[{"name":"wp","href":"https:\/\/api.w.org\/{rel}","templated":true}]}}