{"id":204,"date":"2024-02-12T14:17:35","date_gmt":"2024-02-12T13:17:35","guid":{"rendered":"https:\/\/www.eisenbahnlandschaft-niederrhein.de\/?page_id=204"},"modified":"2024-02-13T07:45:59","modified_gmt":"2024-02-13T06:45:59","slug":"strecke-moenchengladbach-viersen-krefeld-duisburg","status":"publish","type":"page","link":"https:\/\/www.eisenbahnlandschaft-niederrhein.de\/index.php\/strecke-moenchengladbach-viersen-krefeld-duisburg\/","title":{"rendered":"Strecke M\u00f6nchengladbach &#8211; Viersen &#8211; Krefeld &#8211; Duisburg"},"content":{"rendered":"\n<p>Text und Infos folgen noch&#8230;<\/p>\n\n\n\n<figure class=\"wp-block-image size-large\"><img fetchpriority=\"high\" decoding=\"async\" width=\"1024\" height=\"683\" src=\"https:\/\/www.eisenbahnlandschaft-niederrhein.de\/wp-content\/uploads\/2024\/02\/1500x1000-110-155-28036-1024x683.jpg\" alt=\"\" class=\"wp-image-185\" srcset=\"https:\/\/www.eisenbahnlandschaft-niederrhein.de\/wp-content\/uploads\/2024\/02\/1500x1000-110-155-28036-1024x683.jpg 1024w, https:\/\/www.eisenbahnlandschaft-niederrhein.de\/wp-content\/uploads\/2024\/02\/1500x1000-110-155-28036-300x200.jpg 300w, https:\/\/www.eisenbahnlandschaft-niederrhein.de\/wp-content\/uploads\/2024\/02\/1500x1000-110-155-28036-768x512.jpg 768w, https:\/\/www.eisenbahnlandschaft-niederrhein.de\/wp-content\/uploads\/2024\/02\/1500x1000-110-155-28036.jpg 1500w\" sizes=\"(max-width: 1024px) 100vw, 1024px\" \/><\/figure>\n\n\n\n<p><em>Die noch in alten Farben lackierte, aber schon mit neuem Logo der DB AG versehene 110 155-9 ist mit dem Nahverkehrszug N 8833 auf dem Weg von M\u00f6nchengladbach nach Duisburg und erreicht in K\u00fcrze den Bahnhof Krefeld-Oppum. Die beiden Gleise im Vordergrund f\u00fchren von\/nach Meerbusch und weiter nach Neuss (- K\u00f6ln) und D\u00fcsseldorf.<\/em><\/p>\n","protected":false},"excerpt":{"rendered":"<p>Text und Infos folgen noch&#8230; Die noch in alten Farben lackierte, aber schon mit neuem Logo der DB AG versehene 110 155-9 ist mit dem Nahverkehrszug N 8833 auf dem Weg von M\u00f6nchengladbach nach Duisburg und erreicht in K\u00fcrze den Bahnhof Krefeld-Oppum. Die beiden Gleise im Vordergrund f\u00fchren von\/nach Meerbusch und weiter nach Neuss (- [&hellip;]<\/p>\n","protected":false},"author":1,"featured_media":0,"parent":0,"menu_order":0,"comment_status":"closed","ping_status":"closed","template":"","meta":{"footnotes":""},"class_list":["post-204","page","type-page","status-publish","hentry"],"_links":{"self":[{"href":"https:\/\/www.eisenbahnlandschaft-niederrhein.de\/index.php\/wp-json\/wp\/v2\/pages\/204","targetHints":{"allow":["GET"]}}],"collection":[{"href":"https:\/\/www.eisenbahnlandschaft-niederrhein.de\/index.php\/wp-json\/wp\/v2\/pages"}],"about":[{"href":"https:\/\/www.eisenbahnlandschaft-niederrhein.de\/index.php\/wp-json\/wp\/v2\/types\/page"}],"author":[{"embeddable":true,"href":"https:\/\/www.eisenbahnlandschaft-niederrhein.de\/index.php\/wp-json\/wp\/v2\/users\/1"}],"replies":[{"embeddable":true,"href":"https:\/\/www.eisenbahnlandschaft-niederrhein.de\/index.php\/wp-json\/wp\/v2\/comments?post=204"}],"version-history":[{"count":2,"href":"https:\/\/www.eisenbahnlandschaft-niederrhein.de\/index.php\/wp-json\/wp\/v2\/pages\/204\/revisions"}],"predecessor-version":[{"id":230,"href":"https:\/\/www.eisenbahnlandschaft-niederrhein.de\/index.php\/wp-json\/wp\/v2\/pages\/204\/revisions\/230"}],"wp:attachment":[{"href":"https:\/\/www.eisenbahnlandschaft-niederrhein.de\/index.php\/wp-json\/wp\/v2\/media?parent=204"}],"curies":[{"name":"wp","href":"https:\/\/api.w.org\/{rel}","templated":true}]}}