{"id":167,"date":"2024-02-12T10:38:31","date_gmt":"2024-02-12T09:38:31","guid":{"rendered":"https:\/\/www.eisenbahnlandschaft-niederrhein.de\/?page_id=167"},"modified":"2024-02-13T15:24:22","modified_gmt":"2024-02-13T14:24:22","slug":"ehemalige-geplante-bahnstrecken","status":"publish","type":"page","link":"https:\/\/www.eisenbahnlandschaft-niederrhein.de\/index.php\/ehemalige-geplante-bahnstrecken\/","title":{"rendered":"Ehemalige \/ geplante Bahnstrecken"},"content":{"rendered":"\n<p>Oft sind in der Landschaft auch heute noch Hinweise auf ehemalige oder sogar auf geplante, letztendlich jedoch nie verwirklichte Bahnstrecken zu finden. An manchen Orten ist die Infrastruktur noch vollst\u00e4ndig erhalten, so dass theoretisch wieder ein Zug fahren k\u00f6nnte. An anderen Stellen wurden die Strecken abgebaut und die Fl\u00e4chen einer anderen Nutzung zugef\u00fchrt &#8211; hier sind nur noch gelegentlich Reste zu finden, die an den einstigen Bahnverkehr erinnern.<\/p>\n\n\n\n<p>Auf dieser Seite sollen k\u00fcnftig Informationen dar\u00fcber zu finden sein, wo es mal Bahnverkehr gab oder wo dieser vor langer Zeit geplant war. <\/p>\n\n\n\n<figure class=\"wp-block-image size-large\"><img fetchpriority=\"high\" decoding=\"async\" width=\"1024\" height=\"683\" src=\"https:\/\/www.eisenbahnlandschaft-niederrhein.de\/wp-content\/uploads\/2024\/02\/1500x1000-Menzelen-2022-10-19-Signatur-1024x683.jpg\" alt=\"\" class=\"wp-image-214\" srcset=\"https:\/\/www.eisenbahnlandschaft-niederrhein.de\/wp-content\/uploads\/2024\/02\/1500x1000-Menzelen-2022-10-19-Signatur-1024x683.jpg 1024w, https:\/\/www.eisenbahnlandschaft-niederrhein.de\/wp-content\/uploads\/2024\/02\/1500x1000-Menzelen-2022-10-19-Signatur-300x200.jpg 300w, https:\/\/www.eisenbahnlandschaft-niederrhein.de\/wp-content\/uploads\/2024\/02\/1500x1000-Menzelen-2022-10-19-Signatur-768x512.jpg 768w, https:\/\/www.eisenbahnlandschaft-niederrhein.de\/wp-content\/uploads\/2024\/02\/1500x1000-Menzelen-2022-10-19-Signatur.jpg 1500w\" sizes=\"(max-width: 1024px) 100vw, 1024px\" \/><\/figure>\n\n\n\n<p><em>Kein Zug f\u00e4hrt mehr auf diesem Gleis. Am Bahn\u00fcbergang Weststra\u00dfe in Menzelen steht zwar noch das Andreaskreuz, aber die Verbindungskurve der Bahnlinie Duisburg &#8211; Xanten in Richtung der ehemaligen Bahnh\u00f6fe Menzelen West und B\u00fcderich wird nicht mehr von Z\u00fcgen befahren.<\/em><\/p>\n","protected":false},"excerpt":{"rendered":"<p>Oft sind in der Landschaft auch heute noch Hinweise auf ehemalige oder sogar auf geplante, letztendlich jedoch nie verwirklichte Bahnstrecken zu finden. An manchen Orten ist die Infrastruktur noch vollst\u00e4ndig erhalten, so dass theoretisch wieder ein Zug fahren k\u00f6nnte. An anderen Stellen wurden die Strecken abgebaut und die Fl\u00e4chen einer anderen Nutzung zugef\u00fchrt &#8211; hier [&hellip;]<\/p>\n","protected":false},"author":1,"featured_media":0,"parent":0,"menu_order":0,"comment_status":"closed","ping_status":"closed","template":"","meta":{"footnotes":""},"class_list":["post-167","page","type-page","status-publish","hentry"],"_links":{"self":[{"href":"https:\/\/www.eisenbahnlandschaft-niederrhein.de\/index.php\/wp-json\/wp\/v2\/pages\/167","targetHints":{"allow":["GET"]}}],"collection":[{"href":"https:\/\/www.eisenbahnlandschaft-niederrhein.de\/index.php\/wp-json\/wp\/v2\/pages"}],"about":[{"href":"https:\/\/www.eisenbahnlandschaft-niederrhein.de\/index.php\/wp-json\/wp\/v2\/types\/page"}],"author":[{"embeddable":true,"href":"https:\/\/www.eisenbahnlandschaft-niederrhein.de\/index.php\/wp-json\/wp\/v2\/users\/1"}],"replies":[{"embeddable":true,"href":"https:\/\/www.eisenbahnlandschaft-niederrhein.de\/index.php\/wp-json\/wp\/v2\/comments?post=167"}],"version-history":[{"count":5,"href":"https:\/\/www.eisenbahnlandschaft-niederrhein.de\/index.php\/wp-json\/wp\/v2\/pages\/167\/revisions"}],"predecessor-version":[{"id":236,"href":"https:\/\/www.eisenbahnlandschaft-niederrhein.de\/index.php\/wp-json\/wp\/v2\/pages\/167\/revisions\/236"}],"wp:attachment":[{"href":"https:\/\/www.eisenbahnlandschaft-niederrhein.de\/index.php\/wp-json\/wp\/v2\/media?parent=167"}],"curies":[{"name":"wp","href":"https:\/\/api.w.org\/{rel}","templated":true}]}}