{"id":130,"date":"2024-02-11T19:48:30","date_gmt":"2024-02-11T18:48:30","guid":{"rendered":"https:\/\/www.eisenbahnlandschaft-niederrhein.de\/?page_id=130"},"modified":"2024-02-11T20:14:44","modified_gmt":"2024-02-11T19:14:44","slug":"quellen","status":"publish","type":"page","link":"https:\/\/www.eisenbahnlandschaft-niederrhein.de\/index.php\/quellen\/","title":{"rendered":"Quellen"},"content":{"rendered":"\n<p>F\u00fcr die Erstellung dieser Webseite wurden unter anderem folgende Quellen ausgewertet:<br><br>B\u00fccher:<\/p>\n\n\n\n<ul class=\"wp-block-list\">\n<li>Barthels, Thomas; M\u00f6ller, Armin; Barthels, Klaus: Bahnen am Niederrhein, Verlag Thomas Barthels Druck-Agentur GmbH, M\u00f6nchengladbach 2007, ISBN 978-3-9810183-3-2<\/li>\n\n\n\n<li>Swoboda, Rolf: Venloer Bahn Haltern &#8211; Wesel &#8211; Venlo, Verlag Bernd Neddermeyer, Berlin 2010, ISBN 978-3-941712-04-1<\/li>\n\n\n\n<li>Schlieper, Hans; Freriks, Vincent: Die Nord-Brabant-Deutsche Eisenbahn, Verlag DGEG Medien, Werl 2014, ISBN 978-3-937189-79-6<\/li>\n\n\n\n<li>Becks, J\u00fcrgen; Roelen, Martin Wilhelm (Hrsg.): Eisenbahnen am Niederrhein, Katalog zur Ausstellung im Preu\u00dfen-Museum Wesel, Wesel 2005, ISBN 3-924380-75-9<\/li>\n\n\n\n<li>(wird fortgesetzt)<\/li>\n<\/ul>\n\n\n\n<p><\/p>\n\n\n\n<p><\/p>\n\n\n\n<p>Diverse Ausgaben der Zeitschriften<\/p>\n\n\n\n<ul class=\"wp-block-list\">\n<li>Drehscheibe<\/li>\n\n\n\n<li>Lok-Report<\/li>\n\n\n\n<li>Bahn-Report<\/li>\n\n\n\n<li>Eisenbahn Magazin<\/li>\n\n\n\n<li>Eisenbahn Kurier<\/li>\n<\/ul>\n\n\n\n<p>   <\/p>\n\n\n\n<p>   <\/p>\n\n\n\n<figure class=\"wp-block-image size-full\"><img fetchpriority=\"high\" decoding=\"async\" width=\"750\" height=\"500\" src=\"https:\/\/www.eisenbahnlandschaft-niederrhein.de\/wp-content\/uploads\/2023\/07\/NWB-VT-648-438-2022-10-19_073-3.jpg\" alt=\"\" class=\"wp-image-44\" srcset=\"https:\/\/www.eisenbahnlandschaft-niederrhein.de\/wp-content\/uploads\/2023\/07\/NWB-VT-648-438-2022-10-19_073-3.jpg 750w, https:\/\/www.eisenbahnlandschaft-niederrhein.de\/wp-content\/uploads\/2023\/07\/NWB-VT-648-438-2022-10-19_073-3-300x200.jpg 300w\" sizes=\"(max-width: 750px) 100vw, 750px\" \/><\/figure>\n\n\n\n<p><em>Am Bahn\u00fcbergang J\u00e4gerruh \/ Reekwall in Winnenden wurden am 19.10.2022 die NWB-Triebwagen VT 648 438 und VT 648 446 als RB 61972 auf dem Weg nach Xanten aufgenommen.<\/em><\/p>\n","protected":false},"excerpt":{"rendered":"<p>F\u00fcr die Erstellung dieser Webseite wurden unter anderem folgende Quellen ausgewertet: B\u00fccher: Diverse Ausgaben der Zeitschriften Am Bahn\u00fcbergang J\u00e4gerruh \/ Reekwall in Winnenden wurden am 19.10.2022 die NWB-Triebwagen VT 648 438 und VT 648 446 als RB 61972 auf dem Weg nach Xanten aufgenommen.<\/p>\n","protected":false},"author":1,"featured_media":0,"parent":0,"menu_order":0,"comment_status":"closed","ping_status":"closed","template":"","meta":{"footnotes":""},"class_list":["post-130","page","type-page","status-publish","hentry"],"_links":{"self":[{"href":"https:\/\/www.eisenbahnlandschaft-niederrhein.de\/index.php\/wp-json\/wp\/v2\/pages\/130","targetHints":{"allow":["GET"]}}],"collection":[{"href":"https:\/\/www.eisenbahnlandschaft-niederrhein.de\/index.php\/wp-json\/wp\/v2\/pages"}],"about":[{"href":"https:\/\/www.eisenbahnlandschaft-niederrhein.de\/index.php\/wp-json\/wp\/v2\/types\/page"}],"author":[{"embeddable":true,"href":"https:\/\/www.eisenbahnlandschaft-niederrhein.de\/index.php\/wp-json\/wp\/v2\/users\/1"}],"replies":[{"embeddable":true,"href":"https:\/\/www.eisenbahnlandschaft-niederrhein.de\/index.php\/wp-json\/wp\/v2\/comments?post=130"}],"version-history":[{"count":6,"href":"https:\/\/www.eisenbahnlandschaft-niederrhein.de\/index.php\/wp-json\/wp\/v2\/pages\/130\/revisions"}],"predecessor-version":[{"id":144,"href":"https:\/\/www.eisenbahnlandschaft-niederrhein.de\/index.php\/wp-json\/wp\/v2\/pages\/130\/revisions\/144"}],"wp:attachment":[{"href":"https:\/\/www.eisenbahnlandschaft-niederrhein.de\/index.php\/wp-json\/wp\/v2\/media?parent=130"}],"curies":[{"name":"wp","href":"https:\/\/api.w.org\/{rel}","templated":true}]}}